{"id":724,"date":"2020-12-24T00:34:12","date_gmt":"2020-12-24T00:34:12","guid":{"rendered":"https:\/\/beta.wwpbeauty.com\/?post_type=product&#038;p=724"},"modified":"2020-12-31T07:13:17","modified_gmt":"2020-12-31T07:13:17","slug":"deo-stick-collection","status":"publish","type":"product","link":"https:\/\/beta.wwpbeauty.com\/fr\/produit\/deo-stick-collection\/","title":{"rendered":"Collection Deo Stick"},"content":{"rendered":"<h1>Collection Deo Stick<\/h1>\n<h2>Pourquoi nous pensons que c&#39;est exceptionnel<\/h2>\n<p><span class=\"TextRun BCX8 SCXP136559481\" lang=\"EN-US\" xml:lang=\"EN-US\" data-usefontface=\"true\" data-contrast=\"none\"><span class=\"NormalTextRun BCX8 SCXP136559481\">Con\u00e7us intentionnellement autour de la commodit\u00e9 et avec la durabilit\u00e9 \u00e0 l&#39;esprit, ces <\/span><\/span><span class=\"TextRun BCX8 SCXP136559481\" lang=\"EN-US\" xml:lang=\"EN-US\" data-usefontface=\"true\" data-contrast=\"none\"><span class=\"NormalTextRun BCX8 SCXP136559481\">les emballages offrent une option \u00e9l\u00e9gante mais ergonomique pour les antisudorifiques solides, les lotions, les parfums,\u00a0<\/span><\/span><span class=\"TextRun BCX8 SCXP136559481\" lang=\"EN-US\" xml:lang=\"EN-US\" data-usefontface=\"true\" data-contrast=\"none\"><span class=\"NormalTextRun BCX8 SCXP136559481\">cosm\u00e9tiques de couleur, \u00e9cran solaire et plus encore! Disponible en trois tailles et profils diff\u00e9rents, avec\u00a0<\/span><\/span><span class=\"TextRun BCX8 SCXP136559481\" lang=\"EN-US\" xml:lang=\"EN-US\" data-usefontface=\"true\" data-contrast=\"none\"><span class=\"NormalTextRun BCX8 SCXP136559481\">l&#39;option d&#39;\u00eatre fabriqu\u00e9 \u00e0 partir de contenu PCR 100%, cette collection est la combinaison parfaite pour tous\u00a0<\/span><\/span><span class=\"TextRun BCX8 SCXP136559481\" lang=\"EN-US\" xml:lang=\"EN-US\" data-usefontface=\"true\" data-contrast=\"none\"><span class=\"NormalTextRun BCX8 SCXP136559481\">vos produits pr\u00e9f\u00e9r\u00e9s.<\/span><\/span><\/p>\n<h3><strong>HISTOIRE DE LA DURABILIT\u00c9<\/strong><\/h3>\n<p><span class=\"TextRun BCX8 SCXP191373622\" lang=\"EN-US\" xml:lang=\"EN-US\" data-usefontface=\"false\" data-contrast=\"none\"><span class=\"NormalTextRun BCX8 SCXP191373622\">Utilisant<\/span><\/span><span class=\"TextRun BCX8 SCXP191373622\" lang=\"EN-US\" xml:lang=\"EN-US\" data-usefontface=\"true\" data-contrast=\"none\"><span class=\"NormalTextRun BCX8 SCXP191373622\">\u00a0PCR 100% dans l&#39;emballage de votre produit\u00a0<\/span><\/span><span class=\"TextRun BCX8 SCXP191373622\" lang=\"EN-US\" xml:lang=\"EN-US\" data-usefontface=\"true\" data-contrast=\"none\"><span class=\"NormalTextRun BCX8 SCXP191373622\">vous permet d&#39;introduire la durabilit\u00e9 et <\/span><\/span><span class=\"TextRun BCX8 SCXP191373622\" lang=\"EN-US\" xml:lang=\"EN-US\" data-usefontface=\"true\" data-contrast=\"none\"><span class=\"NormalTextRun BCX8 SCXP191373622\">produits respectueux de l&#39;environnement sur le march\u00e9\u00a0<\/span><\/span><span class=\"TextRun BCX8 SCXP191373622\" lang=\"EN-US\" xml:lang=\"EN-US\" data-usefontface=\"true\" data-contrast=\"none\"><span class=\"NormalTextRun BCX8 SCXP191373622\">tout en r\u00e9duisant votre empreinte carbone.\u00a0<\/span><\/span><\/p>\n<h3><strong>CARACT\u00c9RISTIQUE CL\u00c9 DE LA CONCEPTION<\/strong><\/h3>\n<ul style=\"font-weight: 400;\">\n<li data-charcodes=\"8226\" data-font=\"Arial,Sans-Serif\" data-buautonum=\"8\" data-margin=\"270\" data-aria-posinset=\"1\" data-aria-level=\"1\"><span data-usefontface=\"false\" data-contrast=\"none\">Fond auto-torsad\u00e9 pour une application de pr\u00e9cision<\/span>\u200b<\/li>\n<li data-charcodes=\"8226\" data-font=\"Arial,Sans-Serif\" data-buautonum=\"8\" data-margin=\"270\" data-aria-posinset=\"2\" data-aria-level=\"1\"><span data-usefontface=\"false\" data-contrast=\"none\">Contour du corps et du visage de forme ovale et ronde<\/span><\/li>\n<\/ul>\n<h3>\u00a0OPTIONS<\/h3>\n<p data-ccp-props=\"{&quot;335551550&quot;:1,&quot;335551620&quot;:1,&quot;335559683&quot;:0,&quot;335559685&quot;:0,&quot;335559731&quot;:0,&quot;335559737&quot;:0,&quot;335562764&quot;:2,&quot;335562765&quot;:1.21,&quot;335562766&quot;:4,&quot;335562767&quot;:0.75,&quot;335562768&quot;:4,&quot;335562769&quot;:0}\"><span data-usefontface=\"true\" data-contrast=\"none\">Code de l&#39;article: CH-B109A2<\/span>, <span data-usefontface=\"true\" data-contrast=\"none\">CH-B143A1<\/span>, <span data-usefontface=\"true\" data-contrast=\"none\">CH-B147A1<\/span>\u200b<\/p>\n<p data-ccp-props=\"{&quot;335551550&quot;:1,&quot;335551620&quot;:1,&quot;335559683&quot;:0,&quot;335559685&quot;:0,&quot;335559731&quot;:0,&quot;335559737&quot;:0,&quot;335562764&quot;:2,&quot;335562765&quot;:1.21,&quot;335562766&quot;:4,&quot;335562767&quot;:0.75,&quot;335562768&quot;:4,&quot;335562769&quot;:0}\"><span data-usefontface=\"true\" data-contrast=\"none\">Taille: 75g rond<\/span>, <span data-usefontface=\"true\" data-contrast=\"none\">50g rond, 50g ovale<\/span><\/p>\n<p data-ccp-props=\"{&quot;335551550&quot;:1,&quot;335551620&quot;:1,&quot;335559683&quot;:0,&quot;335559685&quot;:0,&quot;335559731&quot;:0,&quot;335559737&quot;:0,&quot;335562764&quot;:2,&quot;335562765&quot;:1.21,&quot;335562766&quot;:4,&quot;335562767&quot;:0.75,&quot;335562768&quot;:4,&quot;335562769&quot;:0}\"><span data-usefontface=\"true\" data-contrast=\"none\">Options de finition: mat ou brillant<\/span><\/p>\n<p data-ccp-props=\"{&quot;335551550&quot;:1,&quot;335551620&quot;:1,&quot;335559683&quot;:0,&quot;335559685&quot;:0,&quot;335559731&quot;:0,&quot;335559737&quot;:0,&quot;335562764&quot;:2,&quot;335562765&quot;:1.21,&quot;335562766&quot;:4,&quot;335562767&quot;:0,&quot;335562768&quot;:4,&quot;335562769&quot;:0}\">","protected":false},"excerpt":{"rendered":"<p>Deo Stick Collection Why we think it\u2019s exceptional Intentionally designed around convenience and with sustainability in mind, these versatile packages provide a sleek yet ergonomic option for solid antiperspirants, lotions, perfumes,\u00a0color cosmetics, sunblock and more!\u00a0 Available in\u00a0three different sizes\u00a0and profiles, &#8230;<\/p>","protected":false},"featured_media":1002,"comment_status":"open","ping_status":"closed","template":"","meta":[],"_links":{"self":[{"href":"https:\/\/beta.wwpbeauty.com\/fr\/wp-json\/wp\/v2\/product\/724"}],"collection":[{"href":"https:\/\/beta.wwpbeauty.com\/fr\/wp-json\/wp\/v2\/product"}],"about":[{"href":"https:\/\/beta.wwpbeauty.com\/fr\/wp-json\/wp\/v2\/types\/product"}],"replies":[{"embeddable":true,"href":"https:\/\/beta.wwpbeauty.com\/fr\/wp-json\/wp\/v2\/comments?post=724"}],"wp:featuredmedia":[{"embeddable":true,"href":"https:\/\/beta.wwpbeauty.com\/fr\/wp-json\/wp\/v2\/media\/1002"}],"wp:attachment":[{"href":"https:\/\/beta.wwpbeauty.com\/fr\/wp-json\/wp\/v2\/media?parent=724"}],"curies":[{"name":"wp","href":"https:\/\/api.w.org\/{rel}","templated":true}]}}