{"id":23,"date":"2020-12-02T00:49:43","date_gmt":"2020-12-02T00:49:43","guid":{"rendered":"https:\/\/beta.wwpinc.com\/?page_id=23"},"modified":"2021-01-07T04:15:58","modified_gmt":"2021-01-07T04:15:58","slug":"we","status":"publish","type":"page","link":"https:\/\/beta.wwpbeauty.com\/fr\/we\/","title":{"rendered":"Nous"},"content":{"rendered":"<section id=\"hero-block_5fd6f3628dd86\" class=\"hero-block\">\n\n\n\t\t\t\t<div class=\"video-background\">\n\t\t\t<video id=\"video\" width=\"100%\" height=\"auto\" playsinline autoplay muted loop>\n\t\t\t  <source src=\"\thttps:\/\/player.vimeo.com\/external\/491914020.hd.mp4?s=2343f655e0cda4c9fca5859baea6b8f21675b5d6&#038;profile_id=169\" type=\"video\/mp4\">\n\t\t\t<\/video>\n\t\t\t<i class=\"icn-speaker\"><\/i>\n\t\t<\/div>\n\t\n\t<div class=\"large-7 medium-7 columns text-box\">\n    \t<h1>Ensemble nous pouvons. <\/h1>\t\n    \t<h2>Cr\u00e9ez un avenir meilleur. <\/h2>\n\t\t<div class=\"section-body\">\n\t\t\t<p>C&#39;est notre engagement \u00e0 cr\u00e9er un impact positif et d\u00e9termin\u00e9 sur notre monde. Nous donnerons \u00e0 nos clients plus de choix avec un but pr\u00e9cis afin qu&#39;ils puissent participer \u00e0 notre cheminement pour rendre l&#39;avenir plus durable, propre et inclusif.<\/p>\n\t\t<\/div>\n\t<\/div>\n\n\n\t\t\n    <div class=\"clearfix\"><\/div>\n<\/section>\n<style type=\"text\/css\">\n\t\t\t#hero-block_5fd6f3628dd86 {\n\t\t\tbackground:transparent;\n\t\t}\n\t\t@media screen and (max-width:600px){\n\t\t\t#hero-block_5fd6f3628dd86 {\n\t\t\t\tbackground:#b6cfae;\n\t\t\t}\n\t\t}\n\t<\/style>\n\n\n<div class=\"wp-block-group our-pillars has-black-color has-blue-background-color has-text-color has-background\"><div class=\"wp-block-group__inner-container\">\n<h2>Piliers du but<\/h2>\n<\/div><\/div>\n\n\n\n<div class=\"wp-block-group our-pillars we-pillars has-black-color has-blue-background-color has-text-color has-background\"><div class=\"wp-block-group__inner-container\">\n<div class=\"wp-block-columns\">\n<div class=\"wp-block-column\">\n<h3><img loading=\"lazy\" class=\"alignnone size-full wp-image-312\" src=\"https:\/\/beta.wwpinc.com\/wp-content\/uploads\/2020\/12\/clean-compliant-icon.png\" alt=\"Clean and Compliant Icon\" width=\"100\" height=\"100\"><br>Propre et <br>Conforme<\/h3>\n<p>Nous cr\u00e9ons des formules propres et conformes aux listes de l&#39;industrie telles que les listes propres Sephora, Credo et Ulta.<\/p>\n\n\n\n<p><\/p>\n<\/div>\n\n\n\n<div class=\"wp-block-column\">\n<h3><img loading=\"lazy\" class=\"alignnone size-full wp-image-313\" src=\"https:\/\/beta.wwpinc.com\/wp-content\/uploads\/2020\/12\/creulty-free-icon.png\" alt=\"Cruelty Free\" width=\"100\" height=\"100\"><br>Sans cruaut\u00e9<br>&amp; Vegan<\/h3>\n<p>Nous avons de nombreuses formulations et pinceaux cosm\u00e9tiques sans cruaut\u00e9 et \/ ou vegan.<\/p>\n\n\n\n<p><\/p>\n<\/div>\n\n\n\n<div class=\"wp-block-column\">\n<h3><img loading=\"lazy\" class=\"alignnone size-full wp-image-314\" src=\"https:\/\/beta.wwpinc.com\/wp-content\/uploads\/2020\/12\/inclusive-diverse-icon.png\" alt=\"Inclusive Diverse\" width=\"100\" height=\"100\"><br>Compris<br>&amp; Diverse<\/h3>\n<p>Nous nous engageons \u00e0 fournir des solutions de beaut\u00e9 qui incluent tout le monde.<\/p>\n\n\n\n<p><\/p>\n<\/div>\n<\/div>\n<\/div><\/div>\n\n\n\n<div class=\"wp-block-group our-pillars we-pillars has-black-color has-blue-background-color has-text-color has-background\"><div class=\"wp-block-group__inner-container\">\n<div class=\"wp-block-columns\">\n<div class=\"wp-block-column\">\n<h3><img loading=\"lazy\" class=\"alignnone size-full wp-image-315\" src=\"https:\/\/beta.wwpinc.com\/wp-content\/uploads\/2020\/12\/sustainable-solutions-icon.png\" alt=\"Sustainable Solutions\" width=\"100\" height=\"100\"><br>Durable<br>Solutions<\/h3>\n<p>Nous fournissons des emballages et des accessoires durables qui r\u00e9duisent notre \/ votre empreinte carbone mondiale.<\/p>\n<\/div>\n\n\n\n<div class=\"wp-block-column\">\n<h3><img loading=\"lazy\" class=\"alignnone size-full wp-image-316\" src=\"https:\/\/beta.wwpinc.com\/wp-content\/uploads\/2020\/12\/socially-responsible-icon.png\" alt=\"Socially Responsible\" width=\"100\" height=\"100\"><br>Socialement<br>Responsable<\/h3>\n<p>Nous soutenons des marques et des organisations align\u00e9es sur les valeurs et les objectifs de notre entreprise.<\/p>\n\n\n\n<p><\/p>\n<\/div>\n\n\n\n<div class=\"wp-block-column\"><\/div>\n<\/div>\n<\/div><\/div>\n\n\n\n<section id=\"page-section-block_5fe16251279f9\" class=\"logo-block\">\n\n         \n\t\t    \n    <div class=\"row\">\n\n\t<div class=\"logos-header\">\n        <div class=\"large-4 medium-6 columns\">\n            <h1>Partenaires dans le but<\/h1>   \n        <\/div>\n        <div class=\"large-8 medium-6 columns\">\n            WWP Beauty soutient et soutient les organisations qui travaillent \u00e0 cr\u00e9er des changements au sein de nos communaut\u00e9s locales et dans le monde entier.        <\/div>\n        <div class=\"clearfix\"><\/div>\n\t<\/div><!--.logos-header-->\n\t<div class=\"logos-container\">\n\t\t\t   \n\t\t\t<div class=\"large-2 medium-3 small-6 columns\">\n\t\t\t\t<img src=\"https:\/\/beta.wwpbeauty.com\/wp-content\/uploads\/2020\/12\/big-logo.png\">\n\t\t\t<\/div>\n\t\t\n\t\t   \n\t\t\t<div class=\"large-2 medium-3 small-6 columns\">\n\t\t\t\t<img src=\"https:\/\/beta.wwpbeauty.com\/wp-content\/uploads\/2020\/12\/ccf-logo2.png\">\n\t\t\t<\/div>\n\t\t\n\t\t   \n\t\t\t<div class=\"large-2 medium-3 small-6 columns\">\n\t\t\t\t<img src=\"https:\/\/beta.wwpbeauty.com\/wp-content\/uploads\/2020\/12\/Equal_Justice_Initiative_logo.png\">\n\t\t\t<\/div>\n\t\t\n\t\t   \n\t\t\t<div class=\"large-2 medium-3 small-6 columns\">\n\t\t\t\t<img src=\"https:\/\/beta.wwpbeauty.com\/wp-content\/uploads\/2020\/12\/header_logo-d6c72dbdb4da85a574ca27b94f1673a0.png\">\n\t\t\t<\/div>\n\t\t\n\t\t   \n\t\t\t<div class=\"large-2 medium-3 small-6 columns\">\n\t\t\t\t<img src=\"https:\/\/beta.wwpbeauty.com\/wp-content\/uploads\/2020\/12\/pull-up-for-change-logo.png\">\n\t\t\t<\/div>\n\t\t\n\t\t   \n\t\t\t<div class=\"large-2 medium-3 small-6 columns\">\n\t\t\t\t<img src=\"https:\/\/beta.wwpbeauty.com\/wp-content\/uploads\/2020\/12\/Time-to-Vote.png\">\n\t\t\t<\/div>\n\t\t\n\t\t   \n\t\t\t<div class=\"large-2 medium-3 small-6 columns\">\n\t\t\t\t<img src=\"https:\/\/beta.wwpbeauty.com\/wp-content\/uploads\/2020\/12\/Partners-of-Purpose_Atlantic-Health-System.png\">\n\t\t\t<\/div>\n\t\t\n\t\t   \n\t\t\t<div class=\"large-2 medium-3 small-6 columns\">\n\t\t\t\t<img src=\"https:\/\/beta.wwpbeauty.com\/wp-content\/uploads\/2020\/12\/Partners-of-Purpose_CFB-NJ.png\">\n\t\t\t<\/div>\n\t\t\n\t\t   \n\t\t\t<div class=\"large-2 medium-3 small-6 columns\">\n\t\t\t\t<img src=\"https:\/\/beta.wwpbeauty.com\/wp-content\/uploads\/2020\/12\/Partners-of-Purpose_nourishNJ.png\">\n\t\t\t<\/div>\n\t\t\n\t\t   \n\t\t\t<div class=\"large-2 medium-3 small-6 columns\">\n\t\t\t\t<img src=\"https:\/\/beta.wwpbeauty.com\/wp-content\/uploads\/2020\/12\/Partners-of-Purpose_Monat-Gratitude.png\">\n\t\t\t<\/div>\n\t\t\n\t \n    <div class=\"clearfix\"><\/div>\n\t\t<\/div><!--\/.logo-container-->\n\n\t<\/div><!--\/.row-->\n\n\n<\/section>\n\n<style type=\"text\/css\">\n    #page-section-block_5fe16251279f9 {\n        background:#f2ebe7    }\n<\/style>\n\n<section id=\"page-section-block_5fd779dd9e1a1\" class=\"page-section-block layout-call-to-action #b9d3dc\">\n\n\t\n<div class=\"large-6 medium-8 columns\">\n\t<div class=\"headlines\">\n    \t<h1>Vous voulez la derni\u00e8re?<\/h1>\n    \t<h2>Consultez notre section actualit\u00e9s.<\/h2>\n\t<\/div>\n\t\n\t<div class=\"section-body\">\n\t\t\t<\/div>\n<\/div>\n<div class=\"large-6 medium-4 columns\">\n\t\t\t<div class=\"link\">\n\t\t\t<a href=\"https:\/\/beta.wwpbeauty.com\/fr\/news\/\" class=\"button\">Nouvelles<\/a>\n\t\t<\/div>\n    <\/div>\n<div class=\"clearfix\"><\/div>    \t\n\n<\/section>\n<style type=\"text\/css\">\n\t#page-section-block_5fd779dd9e1a1 {\n\t\tbackground:#b9d3dc;\t}\n\t#page-section-block_5fd779dd9e1a1 a.button {\n\t\tbackground:#F2EBE7;\n\t}\n\t#page-section-block_5fd779dd9e1a1 .section-text {\n\t\tbackground:#b9d3dc\t}\n<\/style>\n\n<section id=\"page-section-block_5fd77a0c9e1a2\" class=\"page-section-block layout-pill-left #b6cfae\">\n\n\t<div class=\"large-6 medium-6 columns image-column\">\n\t<img src=\"https:\/\/beta.wwpbeauty.com\/wp-content\/uploads\/2020\/12\/future-sustainability-e1607957432944.jpg\" alt=\"\" class=\"image-layout-pill-left\"\/>\n<\/div>\n<div class=\"large-6 medium-6 columns text-column\">\n\t<div class=\"headlines\">\n    \t<h1>L&#39;avenir est durable<\/h1>\n    \t<h2><\/h2>\n\t<\/div>\n\t\n\t<div class=\"section-body\">\n\t\t<p>WWP Beauty est le partenaire id\u00e9al pour atteindre vos objectifs de d\u00e9veloppement durable avec des am\u00e9liorations mesurables dans les cat\u00e9gories suivantes:<\/p>\n<ul>\n<li>R\u00e9duire<\/li>\n<li>R\u00e9utilisation<\/li>\n<li>Recycler<\/li>\n<li>Remplacer<\/li>\n<li>Le respect<\/li>\n<\/ul>\n\t<\/div>\n\t\n\t<\/div>\n<div class=\"clearfix\"><\/div>    \t\n\n<\/section>\n<style type=\"text\/css\">\n\t#page-section-block_5fd77a0c9e1a2 {\n\t\tbackground:#b6cfae;\t}\n\t#page-section-block_5fd77a0c9e1a2 a.button {\n\t\tbackground:#f2ebe7;\n\t}\n\t#page-section-block_5fd77a0c9e1a2 .section-text {\n\t\tbackground:#b6cfae\t}\n<\/style>\n\n\n<section id=\"page-section-block_5febaaf816aea\" class=\"logo-block\">\n\n         \n\t\t    \n    <div class=\"row\">\n\n\t<div class=\"logos-header\">\n        <div class=\"large-4 medium-6 columns\">\n            <h1>Partenaires en durabilit\u00e9<\/h1>   \n        <\/div>\n        <div class=\"large-8 medium-6 columns\">\n            Cr\u00e9er un but n\u00e9cessite plus d&#39;une entreprise. Voici quelques-uns de nos pr\u00e9cieux partenaires et organisations partageant les m\u00eames id\u00e9es qui nous aident \u00e0 ouvrir la voie \u00e0 un avenir plus durable.        <\/div>\n        <div class=\"clearfix\"><\/div>\n\t<\/div><!--.logos-header-->\n\t<div class=\"logos-container\">\n\t\t\t   \n\t\t\t<div class=\"large-2 medium-3 small-6 columns\">\n\t\t\t\t<img src=\"https:\/\/beta.wwpbeauty.com\/wp-content\/uploads\/2020\/12\/APR-bkwt.png\">\n\t\t\t<\/div>\n\t\t\n\t\t   \n\t\t\t<div class=\"large-2 medium-3 small-6 columns\">\n\t\t\t\t<img src=\"https:\/\/beta.wwpbeauty.com\/wp-content\/uploads\/2020\/12\/corp-citiz-bkwt.png\">\n\t\t\t<\/div>\n\t\t\n\t\t   \n\t\t\t<div class=\"large-2 medium-3 small-6 columns\">\n\t\t\t\t<img src=\"https:\/\/beta.wwpbeauty.com\/wp-content\/uploads\/2020\/12\/CREDO-BKWT.png\">\n\t\t\t<\/div>\n\t\t\n\t\t   \n\t\t\t<div class=\"large-2 medium-3 small-6 columns\">\n\t\t\t\t<img src=\"https:\/\/beta.wwpbeauty.com\/wp-content\/uploads\/2020\/12\/ecovadis-bkwt.png\">\n\t\t\t<\/div>\n\t\t\n\t\t   \n\t\t\t<div class=\"large-2 medium-3 small-6 columns\">\n\t\t\t\t<img src=\"https:\/\/beta.wwpbeauty.com\/wp-content\/uploads\/2020\/12\/EMF_bkwt.png\">\n\t\t\t<\/div>\n\t\t\n\t\t   \n\t\t\t<div class=\"large-2 medium-3 small-6 columns\">\n\t\t\t\t<img src=\"https:\/\/beta.wwpbeauty.com\/wp-content\/uploads\/2020\/12\/SEPHORACLEAN-BKWT.png\">\n\t\t\t<\/div>\n\t\t\n\t\t   \n\t\t\t<div class=\"large-2 medium-3 small-6 columns\">\n\t\t\t\t<img src=\"https:\/\/beta.wwpbeauty.com\/wp-content\/uploads\/2020\/12\/SPC-logo.png\">\n\t\t\t<\/div>\n\t\t\n\t\t   \n\t\t\t<div class=\"large-2 medium-3 small-6 columns\">\n\t\t\t\t<img src=\"https:\/\/beta.wwpbeauty.com\/wp-content\/uploads\/2020\/12\/ultaconsciousbeauty_bkwt.png\">\n\t\t\t<\/div>\n\t\t\n\t \n    <div class=\"clearfix\"><\/div>\n\t\t<\/div><!--\/.logo-container-->\n\n\t<\/div><!--\/.row-->\n\n\n<\/section>\n\n<style type=\"text\/css\">\n    #page-section-block_5febaaf816aea {\n        background:#f2ebe7    }\n<\/style>\n\n<section id=\"page-section-block_5fd2ef2d352c6\" class=\"list-section-block layout-list-image-right\">\n\n\t<div class=\"large-6 medium-6 columns image-column\">\n\t<img src=\"https:\/\/beta.wwpbeauty.com\/wp-content\/uploads\/2020\/12\/WWP_Inclusivity.jpg\" alt=\"\" class=\"image-layout-list-image-right\"\/>\n<\/div>\n<div class=\"large-6 medium-6 columns list-column\">\n\t<h1>Nous nous engageons en faveur de l&#39;inclusion et de la diversit\u00e9.<\/h1>\n\t\t\t\t\t\t<ul>\n<li>En tant qu&#39;entreprise, nous devons et continuerons \u00e0 adopter la diversit\u00e9 et \u00e0 donner \u00e0 notre \u00e9quipe les moyens d&#39;\u0153uvrer \u00e0 un r\u00e9el changement.<\/li>\n<li>Nous nous engageons \u00e0 poursuivre notre programme de dons de jumelage d&#39;employ\u00e9s aux organisations pour l&#39;\u00e9galit\u00e9 raciale de leur choix.<\/li>\n<li>Nous nous engageons \u00e0 poursuivre notre formation et \u00e0 maintenir nos conversations internes et externes.<\/li>\n<li>Nous nous engageons \u00e0 utiliser notre position unique en tant que fournisseur de produits de beaut\u00e9 pour mettre au d\u00e9fi nos \u00e9quipes de d\u00e9veloppement, nos laboratoires et nos clients de cr\u00e9er une gamme de produits plus inclusive.<\/li>\n<li>Nous nous engageons \u00e0 rechercher activement plus d&#39;opportunit\u00e9s de travailler avec des marques et des entreprises appartenant \u00e0 des Noirs.<\/li>\n<li>Nous nous engageons \u00e0 faire partie int\u00e9grante de ce mouvement tout en \u0153uvrant pour un avenir meilleur.<\/li>\n<\/ul>\n\t\t\n<\/div>\n<div class=\"clearfix\"><\/div>    \t\n\n<\/section>\n<style type=\"text\/css\">\n\t#page-section-block_5fd2ef2d352c6 {\n\t\tbackground:#ecc3b2\t}\n\n\t#page-section-block_5fd2ef2d352c6 .list-column {\n\t\tbackground:#ecc3b2\t}\t\n\n\t#page-section-block_5fd2ef2d352c6 .text-column {\n\t\tbackground:#ecc3b2\t}\t\n<\/style>\n\n<section id=\"page-section-block_5fd77b0c9e1a3\" class=\"page-section-block layout-call-to-action #f2ebe7\">\n\n\t\n<div class=\"large-6 medium-8 columns\">\n\t<div class=\"headlines\">\n    \t<h1>Pr\u00eat \u00e0 commencer?<\/h1>\n    \t<h2>Nous contacter.<\/h2>\n\t<\/div>\n\t\n\t<div class=\"section-body\">\n\t\t\t<\/div>\n<\/div>\n<div class=\"large-6 medium-4 columns\">\n\t\t\t<div class=\"link\">\n\t\t\t<a href=\"https:\/\/beta.wwpbeauty.com\/fr\/contact\/\" class=\"button\">Collaborons<\/a>\n\t\t<\/div>\n    <\/div>\n<div class=\"clearfix\"><\/div>    \t\n\n<\/section>\n<style type=\"text\/css\">\n\t#page-section-block_5fd77b0c9e1a3 {\n\t\tbackground:#f2ebe7;\t}\n\t#page-section-block_5fd77b0c9e1a3 a.button {\n\t\tbackground:#b9d3dc;\n\t}\n\t#page-section-block_5fd77b0c9e1a3 .section-text {\n\t\tbackground:#f2ebe7\t}\n<\/style>","protected":false},"excerpt":{"rendered":"","protected":false},"author":1,"featured_media":0,"parent":0,"menu_order":0,"comment_status":"closed","ping_status":"closed","template":"","meta":[],"_links":{"self":[{"href":"https:\/\/beta.wwpbeauty.com\/fr\/wp-json\/wp\/v2\/pages\/23"}],"collection":[{"href":"https:\/\/beta.wwpbeauty.com\/fr\/wp-json\/wp\/v2\/pages"}],"about":[{"href":"https:\/\/beta.wwpbeauty.com\/fr\/wp-json\/wp\/v2\/types\/page"}],"author":[{"embeddable":true,"href":"https:\/\/beta.wwpbeauty.com\/fr\/wp-json\/wp\/v2\/users\/1"}],"replies":[{"embeddable":true,"href":"https:\/\/beta.wwpbeauty.com\/fr\/wp-json\/wp\/v2\/comments?post=23"}],"version-history":[{"count":26,"href":"https:\/\/beta.wwpbeauty.com\/fr\/wp-json\/wp\/v2\/pages\/23\/revisions"}],"predecessor-version":[{"id":1020,"href":"https:\/\/beta.wwpbeauty.com\/fr\/wp-json\/wp\/v2\/pages\/23\/revisions\/1020"}],"wp:attachment":[{"href":"https:\/\/beta.wwpbeauty.com\/fr\/wp-json\/wp\/v2\/media?parent=23"}],"curies":[{"name":"wp","href":"https:\/\/api.w.org\/{rel}","templated":true}]}}