{"id":16,"date":"2020-12-02T00:48:31","date_gmt":"2020-12-02T00:48:31","guid":{"rendered":"https:\/\/beta.wwpinc.com\/?page_id=16"},"modified":"2021-01-08T22:10:30","modified_gmt":"2021-01-08T22:10:30","slug":"home","status":"publish","type":"page","link":"https:\/\/beta.wwpbeauty.com\/fr\/","title":{"rendered":"Home"},"content":{"rendered":"<div class=\"wp-block-group\"><div class=\"wp-block-group__inner-container\">\n<div class=\"wp-block-group hide-for-medium-up home-video video-w-sound  video-muted\"><div class=\"wp-block-group__inner-container\"><section id=\"hero-block_5fed41bd41954\" class=\"hero-block\">\n\n\n\t\t\t\t<div class=\"video-background\">\n\t\t\t<video id=\"video\" width=\"100%\" height=\"auto\" playsinline autoplay muted loop>\n\t\t\t  <source src=\"\thttps:\/\/player.vimeo.com\/external\/498033058.hd.mp4?s=8086250c2a4cd68719b69e8b1a1c417468bb092c&#038;profile_id=169\" type=\"video\/mp4\">\n\t\t\t<\/video>\n\t\t\t<i class=\"icn-speaker\"><\/i>\n\t\t<\/div>\n\t\n\t<div class=\"large-7 medium-7 columns text-box\">\n    \t<h1><\/h1>\t\n    \t<h2><\/h2>\n\t\t<div class=\"section-body\">\n\t\t\t\t\t<\/div>\n\t<\/div>\n\n\n\t\t\n    <div class=\"clearfix\"><\/div>\n<\/section>\n<style type=\"text\/css\">\n\t\t\t#hero-block_5fed41bd41954 {\n\t\t\tbackground:transparent;\n\t\t}\n\t\t@media screen and (max-width:600px){\n\t\t\t#hero-block_5fed41bd41954 {\n\t\t\t\tbackground:#ecc3b2;\n\t\t\t}\n\t\t}\n\t<\/style>\n\n\n<p><\/p>\n<\/div><\/div>\n<\/div><\/div>\n\n\n\n<div class=\"wp-block-columns home-links-container\">\n<div class=\"wp-block-column\"><div id=\"home-link-box-block_5fc85009f45c2\" class=\"home-link-box\">\n\t<img src=\"https:\/\/beta.wwpbeauty.com\/wp-content\/uploads\/2020\/12\/WWP_Us.jpg\" alt=\"\" \/>\n    <div class=\"headlines\">\n\t\t<a href=\"https:\/\/beta.wwpbeauty.com\/fr\/us\/\">\n    \t\t<h1 class=\" translation-block\">D\u00e9couvrez-<u>nous<\/u>.<\/h1>\n\t    \t<h2>Qui nous sommes.<\/h2>\n\t\t<\/a>\n\t<\/div>\n\t<div class=\"link-icon\">\n\t\t<a href=\"https:\/\/beta.wwpbeauty.com\/fr\/us\/\">\n\t\t\t<img src=\"https:\/\/beta.wwpbeauty.com\/wp-content\/themes\/wwp-custom\/images\/Arrow_Black.svg\">\n\t\t<\/a>\n\t<\/div>\n<\/div>\n<style type=\"text\/css\">\n\t#home-link-box-block_5fc85009f45c2 {\n\t\tbackground: #ecc3b2;\n\t}\n<\/style><\/div>\n\n\n\n<div class=\"wp-block-column\"><div id=\"home-link-box-block_5fc85036f45c3\" class=\"home-link-box\">\n\t<img src=\"https:\/\/beta.wwpbeauty.com\/wp-content\/uploads\/2020\/12\/WWP_You-1.jpg\" alt=\"\" \/>\n    <div class=\"headlines\">\n\t\t<a href=\"https:\/\/beta.wwpbeauty.com\/fr\/you\/\">\n    \t\t<h1 class=\" translation-block\"><u>Vous<\/u> Apporter de la valeur.<\/h1>\n\t    \t<h2>Ce que nous faisons.<\/h2>\n\t\t<\/a>\n\t<\/div>\n\t<div class=\"link-icon\">\n\t\t<a href=\"https:\/\/beta.wwpbeauty.com\/fr\/you\/\">\n\t\t\t<img src=\"https:\/\/beta.wwpbeauty.com\/wp-content\/themes\/wwp-custom\/images\/Arrow_Black.svg\">\n\t\t<\/a>\n\t<\/div>\n<\/div>\n<style type=\"text\/css\">\n\t#home-link-box-block_5fc85036f45c3 {\n\t\tbackground: #b9d3dc;\n\t}\n<\/style><\/div>\n\n\n\n<div class=\"wp-block-column\"><div id=\"home-link-box-block_5fc85058f45c4\" class=\"home-link-box\">\n\t<img src=\"https:\/\/beta.wwpbeauty.com\/wp-content\/uploads\/2020\/12\/WWP_We.jpg\" alt=\"\" \/>\n    <div class=\"headlines\">\n\t\t<a href=\"https:\/\/beta.wwpbeauty.com\/fr\/we\/\">\n    \t\t<h1 class=\" translation-block\">Ensemble <u>Nous<\/u> Pouvons.<\/h1>\n\t    \t<h2>Le but que nous d\u00e9fendons.<\/h2>\n\t\t<\/a>\n\t<\/div>\n\t<div class=\"link-icon\">\n\t\t<a href=\"https:\/\/beta.wwpbeauty.com\/fr\/we\/\">\n\t\t\t<img src=\"https:\/\/beta.wwpbeauty.com\/wp-content\/themes\/wwp-custom\/images\/Arrow_Black.svg\">\n\t\t<\/a>\n\t<\/div>\n<\/div>\n<style type=\"text\/css\">\n\t#home-link-box-block_5fc85058f45c4 {\n\t\tbackground: #b6cfae;\n\t}\n<\/style><\/div>\n<\/div>\n\n\n<section id=\"page-section-block_5fc9881016ad4\" class=\"search-block\">\n\n\t\t<div class=\"large-6 medium-6 columns\">\n    \t<h1 class=\" translation-block\">Que cherchez-vous?<\/h1>\n\t<\/div>\n\t\n\t<div class=\"large-6 medium-6 columns\">\n\t\t<form method=\"get\" id=\"searchform\" action=\"https:\/\/beta.wwpbeauty.com\/fr\/\/\" data-trp-original-action=\"https:\/\/beta.wwpbeauty.com\/fr\/\/\">\n      \t\t<input type=\"text\" value=\"\" placeholder=\"\" id=\"s\" name=\"s\">\n     \t\t <input type=\"submit\" id=\"searchsubmit\" value=\"Chercher\" class=\"btn hide\" \/>\n    \t<input type=\"hidden\" name=\"trp-form-language\" value=\"fr\"\/><\/form>\n\t<\/div>\n\t\n\t\n    <div class=\"clearfix\"><\/div>\n\n\n\n<\/section>\n<style type=\"text\/css\">\n\t#page-section-block_5fc9881016ad4 {\n\t\tbackground:#f2ebe7;\n\t}\n<\/style>\n\n\n<div class=\"wp-block-group\"><div class=\"wp-block-group__inner-container\">\n<div class=\"wp-block-columns\">\n<div class=\"wp-block-column\"><section id=\"link-box-block_5fd28dc4e0c84\" class=\"link-box\">\n   <a href=\"https:\/\/beta.wwpbeauty.com\/fr\/we\/\">\n    \t\tDurabilit\u00e9<img class=\"link-arrow\" src=\"https:\/\/beta.wwpbeauty.com\/wp-content\/themes\/wwp-custom\/images\/Arrow_Small.svg\">\n    \n    <div class=\"img-container\">\n\t\t<img src=\"https:\/\/beta.wwpbeauty.com\/wp-content\/uploads\/2020\/12\/sustainability-updated-2.jpg\" alt=\"\" \/>\n\t<\/div><\/a>\n<\/section>\n<style type=\"text\/css\">\n\t#link-box-block_5fd28dc4e0c84 {\n\t\tbackground:#f2ebe7;\n\t}\n<\/style>\n\n\n<section id=\"link-box-block_5fd6d94d182a1\" class=\"link-box\">\n   <a href=\"https:\/\/beta.wwpbeauty.com\/fr\/you\/\">\n    \t\tAccessoires<img class=\"link-arrow\" src=\"https:\/\/beta.wwpbeauty.com\/wp-content\/themes\/wwp-custom\/images\/Arrow_Small.svg\">\n    \n    <div class=\"img-container\">\n\t\t<img src=\"https:\/\/beta.wwpbeauty.com\/wp-content\/uploads\/2020\/12\/accessories-updated.jpg\" alt=\"Accessories\" \/>\n\t<\/div><\/a>\n<\/section>\n<style type=\"text\/css\">\n\t#link-box-block_5fd6d94d182a1 {\n\t\tbackground:#f2ebe7;\n\t}\n<\/style>\n<\/div>\n\n\n\n<div class=\"wp-block-column\"><section id=\"link-box-block_5fd28dece0c85\" class=\"link-box\">\n   <a href=\"https:\/\/beta.wwpbeauty.com\/fr\/you\/\">\n    \t\tFormulations<img class=\"link-arrow\" src=\"https:\/\/beta.wwpbeauty.com\/wp-content\/themes\/wwp-custom\/images\/Arrow_Small.svg\">\n    \n    <div class=\"img-container\">\n\t\t<img src=\"https:\/\/beta.wwpbeauty.com\/wp-content\/uploads\/2020\/12\/formulatiosn-updated.jpg\" alt=\"Formulations\" \/>\n\t<\/div><\/a>\n<\/section>\n<style type=\"text\/css\">\n\t#link-box-block_5fd28dece0c85 {\n\t\tbackground:#f2ebe7;\n\t}\n<\/style>\n\n\n<section id=\"link-box-block_5fd6d973182a2\" class=\"link-box\">\n   <a href=\"https:\/\/beta.wwpbeauty.com\/fr\/catalog\/\">\n    \t\tEmballage<img class=\"link-arrow\" src=\"https:\/\/beta.wwpbeauty.com\/wp-content\/themes\/wwp-custom\/images\/Arrow_Small.svg\">\n    \n    <div class=\"img-container\">\n\t\t<img src=\"https:\/\/beta.wwpbeauty.com\/wp-content\/uploads\/2020\/12\/packages-updated.jpg\" alt=\"\" \/>\n\t<\/div><\/a>\n<\/section>\n<style type=\"text\/css\">\n\t#link-box-block_5fd6d973182a2 {\n\t\tbackground:#f2ebe7;\n\t}\n<\/style>\n<\/div>\n<\/div>\n<\/div><\/div>\n\n\n<section id=\"page-section-block_5fc867901d888\" class=\"page-section-block layout-background-image\">\n\n\t<div class=\"large-6 medium-6 columns text-block\">\n\t<div class=\"section-text\">\n    \t<h1>Ensemble nous pouvons.<\/h1>\n    \t<h2>Cr\u00e9ez un avenir meilleur. <\/h2>\n\t\t<p>C'est notre engagement \u00e0 cr\u00e9er un impact positif et utile sur notre monde. Nous donnerons \u00e0 nos clients plus de choix avec un but pr\u00e9cis afin qu'ils puissent participer \u00e0 notre cheminement pour rendre l'avenir plus durable, plus propre et plus inclusif.<\/p>\n\t\n\t\t\t\t\t<div class=\"link\">\n\t\t\t\t<a href=\"https:\/\/beta.wwpbeauty.com\/fr\/we\/\" class=\"button\">Apprendre encore plus<\/a>\n\t\t\t<\/div>\n\t\t\t\t\t   <\/div>\n\t<\/div>\n<div class=\"large-6 medium-6 columns\">\n\t&nbsp;\n<\/div>\n<div class=\"clearfix\"><\/div>    \t\n\n<\/section>\n<style type=\"text\/css\">\n\t#page-section-block_5fc867901d888 {\n\t\tbackground:url(https:\/\/beta.wwpbeauty.com\/wp-content\/uploads\/2020\/12\/sustainable-options-updated-scaled.jpg) no-repeat; background-size:cover; background-position:center;\t}\n\t#page-section-block_5fc867901d888 a.button {\n\t\tbackground:#f2ebe7;\n\t}\n\t#page-section-block_5fc867901d888 .section-text {\n\t\tbackground:\t}\n<\/style>\n\n<section id=\"page-section-block_5fc924096a647\" class=\"page-section-block layout-circle-left #f2ebe7\">\n\n\t<div class=\"large-6 medium-6 columns image-column\">\n\t<img src=\"https:\/\/beta.wwpbeauty.com\/wp-content\/uploads\/2020\/12\/WWP_Boomerang2.gif\" alt=\"\" class=\"image-layout-circle-left\"\/>\n<\/div>\n<div class=\"large-6 medium-6 columns text-column\">\n\t<div class=\"headlines\">\n    \t<h1>Nous apportons de la valeur \u00e0 nos clients.<\/h1>\n    \t<h2>Vous avez un partenaire fiable. <\/h2>\n\t<\/div>\n\t\n\t<div class=\"section-body\">\n\t\t<p>WWP Beauty s'engage \u00e0 d\u00e9velopper des solutions durables et tourn\u00e9es vers l'avenir pour l'industrie mondiale de la beaut\u00e9 gr\u00e2ce \u00e0 une collaboration \u00e9troite, une agilit\u00e9 exceptionnelle et une \u00e9chelle sans pr\u00e9c\u00e9dent. Notre offre de services complets de formules, d'emballages et d'accessoires, associ\u00e9e \u00e0 nos capacit\u00e9s de fabrication en interne, nous permet de nous d\u00e9marquer en tant que source de toute beaut\u00e9. Gr\u00e2ce \u00e0 une \u00e9quipe mondiale d'experts de la beaut\u00e9 qui couvre l'Am\u00e9rique du Nord, la r\u00e9gion EMEA et APAC, WWP Beauty offre \u00e0 ses clients une assistance mondiale au niveau local.<\/p>\n\t<\/div>\n\t\n\t\t\t<div class=\"link\">\n\t\t\t<a href=\"https:\/\/beta.wwpbeauty.com\/fr\/us\/\" class=\"button\">Apprendre encore plus<\/a>\n\t\t<\/div>\n    <\/div>\n<div class=\"clearfix\"><\/div>    \t\n\n<\/section>\n<style type=\"text\/css\">\n\t#page-section-block_5fc924096a647 {\n\t\tbackground:#f2ebe7;\t}\n\t#page-section-block_5fc924096a647 a.button {\n\t\tbackground:#b9d3dc;\n\t}\n\t#page-section-block_5fc924096a647 .section-text {\n\t\tbackground:#f2ebe7\t}\n<\/style>\n\n\n<div class=\"wp-block-group content-container instagram-block has-black-color has-lightgrey-background-color has-text-color has-background\"><div class=\"wp-block-group__inner-container\">\n<hr>\n<h1>Vous voulez \u00eatre au courant?<\/h1>\n<h2>Connectez-vous avec nous maintenant.<\/h2>\n<\/div><\/div>\n\n\n\n<div class=\"wp-block-group content-container instagram-block has-black-color has-lightgrey-background-color has-text-color has-background\"><div class=\"wp-block-group__inner-container\">\r\n<div id=\"sb_instagram\" class=\"sbi sbi_col_4  sbi_width_resp\" style=\"width: 100%;\" data-feedid=\"sbi_wwpbeauty#4\" data-res=\"auto\" data-cols=\"4\" data-num=\"4\" data-shortcode-atts=\"{}\"  data-sbi-flags=\"favorLocal\">\r\n\t\r\n    <div id=\"sbi_images\" >\r\n\t\t<div class=\"sbi_item sbi_type_video sbi_new sbi_transition\" id=\"sbi_17975538557476861\" data-date=\"1683295997\">\r\n    <div class=\"sbi_photo_wrap\">\r\n        <a class=\"sbi_photo\" href=\"https:\/\/www.instagram.com\/p\/Cr3Uge7slEF\/\" target=\"_blank\" rel=\"noopener nofollow\" data-full-res=\"https:\/\/scontent-iad3-1.cdninstagram.com\/v\/t51.36329-15\/344780451_217737414295560_317867870597264762_n.jpg?_nc_cat=108&#038;ccb=1-7&#038;_nc_sid=8ae9d6&#038;_nc_ohc=vmx-7cSnfvEAX9c_T6y&#038;_nc_ht=scontent-iad3-1.cdninstagram.com&#038;edm=ANo9K5cEAAAA&#038;oh=00_AfClJbexQDwAMSLDJ8k4n24O7TdLrZHcZn_O6kDJZDxTTw&#038;oe=64604EBC\" data-img-src-set=\"{&quot;d&quot;:&quot;https:\\\/\\\/scontent-iad3-1.cdninstagram.com\\\/v\\\/t51.36329-15\\\/344780451_217737414295560_317867870597264762_n.jpg?_nc_cat=108&amp;ccb=1-7&amp;_nc_sid=8ae9d6&amp;_nc_ohc=vmx-7cSnfvEAX9c_T6y&amp;_nc_ht=scontent-iad3-1.cdninstagram.com&amp;edm=ANo9K5cEAAAA&amp;oh=00_AfClJbexQDwAMSLDJ8k4n24O7TdLrZHcZn_O6kDJZDxTTw&amp;oe=64604EBC&quot;,&quot;150&quot;:&quot;https:\\\/\\\/scontent-iad3-1.cdninstagram.com\\\/v\\\/t51.36329-15\\\/344780451_217737414295560_317867870597264762_n.jpg?_nc_cat=108&amp;ccb=1-7&amp;_nc_sid=8ae9d6&amp;_nc_ohc=vmx-7cSnfvEAX9c_T6y&amp;_nc_ht=scontent-iad3-1.cdninstagram.com&amp;edm=ANo9K5cEAAAA&amp;oh=00_AfClJbexQDwAMSLDJ8k4n24O7TdLrZHcZn_O6kDJZDxTTw&amp;oe=64604EBC&quot;,&quot;320&quot;:&quot;https:\\\/\\\/scontent-iad3-1.cdninstagram.com\\\/v\\\/t51.36329-15\\\/344780451_217737414295560_317867870597264762_n.jpg?_nc_cat=108&amp;ccb=1-7&amp;_nc_sid=8ae9d6&amp;_nc_ohc=vmx-7cSnfvEAX9c_T6y&amp;_nc_ht=scontent-iad3-1.cdninstagram.com&amp;edm=ANo9K5cEAAAA&amp;oh=00_AfClJbexQDwAMSLDJ8k4n24O7TdLrZHcZn_O6kDJZDxTTw&amp;oe=64604EBC&quot;,&quot;640&quot;:&quot;https:\\\/\\\/scontent-iad3-1.cdninstagram.com\\\/v\\\/t51.36329-15\\\/344780451_217737414295560_317867870597264762_n.jpg?_nc_cat=108&amp;ccb=1-7&amp;_nc_sid=8ae9d6&amp;_nc_ohc=vmx-7cSnfvEAX9c_T6y&amp;_nc_ht=scontent-iad3-1.cdninstagram.com&amp;edm=ANo9K5cEAAAA&amp;oh=00_AfClJbexQDwAMSLDJ8k4n24O7TdLrZHcZn_O6kDJZDxTTw&amp;oe=64604EBC&quot;}\">\r\n            <span class=\"sbi-screenreader\">Explore our selection of refillable packaging for <\/span>\r\n            \t        <svg style=\"color: rgba(255,255,255,1)\" class=\"svg-inline--fa fa-play fa-w-14 sbi_playbtn\" aria-label=\"Play\" aria-hidden=\"true\" data-fa-processed=\"\" data-prefix=\"fa\" data-icon=\"play\" role=\"presentation\" xmlns=\"http:\/\/www.w3.org\/2000\/svg\" viewbox=\"0 0 448 512\"><path fill=\"currentColor\" d=\"M424.4 214.7L72.4 6.6C43.8-10.3 0 6.1 0 47.9V464c0 37.5 40.7 60.1 72.4 41.3l352-208c31.4-18.5 31.5-64.1 0-82.6z\"><\/path><\/svg>            <img src=\"https:\/\/beta.wwpbeauty.com\/wp-content\/plugins\/instagram-feed\/img\/placeholder.png\" alt=\"Explore our selection of refillable packaging for color cosmetics. These eco-smart designs allow customization of PCR content for further sustainability. Join the Refill Revolution and help promote a more circular design system!#wwpbeauty #refillable #refillrevolution #sustainable #innovation #ecofriendly #beauty #color #cosmetics #packaging #beautywithpurpose\">\r\n        <\/a>\r\n    <\/div>\r\n<\/div><div class=\"sbi_item sbi_type_video sbi_new sbi_transition\" id=\"sbi_18074932618364203\" data-date=\"1683144194\">\r\n    <div class=\"sbi_photo_wrap\">\r\n        <a class=\"sbi_photo\" href=\"https:\/\/www.instagram.com\/p\/Cryy9sULQDi\/\" target=\"_blank\" rel=\"noopener nofollow\" data-full-res=\"https:\/\/scontent-iad3-1.cdninstagram.com\/v\/t51.36329-15\/344795672_201839725977258_2089851206818841895_n.jpg?_nc_cat=102&#038;ccb=1-7&#038;_nc_sid=8ae9d6&#038;_nc_ohc=4tvHYgN352kAX9SyXHL&#038;_nc_ht=scontent-iad3-1.cdninstagram.com&#038;edm=ANo9K5cEAAAA&#038;oh=00_AfBEqAQsPxuSLychvUcoQVP1xZ6m5baEO2gd8ep-_7zNxQ&#038;oe=645FFF57\" data-img-src-set=\"{&quot;d&quot;:&quot;https:\\\/\\\/scontent-iad3-1.cdninstagram.com\\\/v\\\/t51.36329-15\\\/344795672_201839725977258_2089851206818841895_n.jpg?_nc_cat=102&amp;ccb=1-7&amp;_nc_sid=8ae9d6&amp;_nc_ohc=4tvHYgN352kAX9SyXHL&amp;_nc_ht=scontent-iad3-1.cdninstagram.com&amp;edm=ANo9K5cEAAAA&amp;oh=00_AfBEqAQsPxuSLychvUcoQVP1xZ6m5baEO2gd8ep-_7zNxQ&amp;oe=645FFF57&quot;,&quot;150&quot;:&quot;https:\\\/\\\/scontent-iad3-1.cdninstagram.com\\\/v\\\/t51.36329-15\\\/344795672_201839725977258_2089851206818841895_n.jpg?_nc_cat=102&amp;ccb=1-7&amp;_nc_sid=8ae9d6&amp;_nc_ohc=4tvHYgN352kAX9SyXHL&amp;_nc_ht=scontent-iad3-1.cdninstagram.com&amp;edm=ANo9K5cEAAAA&amp;oh=00_AfBEqAQsPxuSLychvUcoQVP1xZ6m5baEO2gd8ep-_7zNxQ&amp;oe=645FFF57&quot;,&quot;320&quot;:&quot;https:\\\/\\\/scontent-iad3-1.cdninstagram.com\\\/v\\\/t51.36329-15\\\/344795672_201839725977258_2089851206818841895_n.jpg?_nc_cat=102&amp;ccb=1-7&amp;_nc_sid=8ae9d6&amp;_nc_ohc=4tvHYgN352kAX9SyXHL&amp;_nc_ht=scontent-iad3-1.cdninstagram.com&amp;edm=ANo9K5cEAAAA&amp;oh=00_AfBEqAQsPxuSLychvUcoQVP1xZ6m5baEO2gd8ep-_7zNxQ&amp;oe=645FFF57&quot;,&quot;640&quot;:&quot;https:\\\/\\\/scontent-iad3-1.cdninstagram.com\\\/v\\\/t51.36329-15\\\/344795672_201839725977258_2089851206818841895_n.jpg?_nc_cat=102&amp;ccb=1-7&amp;_nc_sid=8ae9d6&amp;_nc_ohc=4tvHYgN352kAX9SyXHL&amp;_nc_ht=scontent-iad3-1.cdninstagram.com&amp;edm=ANo9K5cEAAAA&amp;oh=00_AfBEqAQsPxuSLychvUcoQVP1xZ6m5baEO2gd8ep-_7zNxQ&amp;oe=645FFF57&quot;}\">\r\n            <span class=\"sbi-screenreader\">Join the Refill Revolution and help create a more <\/span>\r\n            \t        <svg style=\"color: rgba(255,255,255,1)\" class=\"svg-inline--fa fa-play fa-w-14 sbi_playbtn\" aria-label=\"Play\" aria-hidden=\"true\" data-fa-processed=\"\" data-prefix=\"fa\" data-icon=\"play\" role=\"presentation\" xmlns=\"http:\/\/www.w3.org\/2000\/svg\" viewbox=\"0 0 448 512\"><path fill=\"currentColor\" d=\"M424.4 214.7L72.4 6.6C43.8-10.3 0 6.1 0 47.9V464c0 37.5 40.7 60.1 72.4 41.3l352-208c31.4-18.5 31.5-64.1 0-82.6z\"><\/path><\/svg>            <img src=\"https:\/\/beta.wwpbeauty.com\/wp-content\/plugins\/instagram-feed\/img\/placeholder.png\" alt=\"Join the Refill Revolution and help create a more sustainable future. We have a broad selection of refillable components that are just as caring for your skin, body, and hair care formulations as it is for the environment!#wwpbeauty #refillable #refillrevolution #sustainable #innovation #ecofriendly #beauty #skincare #bodycare #haircare #personalcare #packaging #beautywithpurpose\">\r\n        <\/a>\r\n    <\/div>\r\n<\/div><div class=\"sbi_item sbi_type_video sbi_new sbi_transition\" id=\"sbi_17990036482944354\" data-date=\"1682971443\">\r\n    <div class=\"sbi_photo_wrap\">\r\n        <a class=\"sbi_photo\" href=\"https:\/\/www.instagram.com\/p\/Crtpf8OLwui\/\" target=\"_blank\" rel=\"noopener nofollow\" data-full-res=\"https:\/\/scontent-iad3-1.cdninstagram.com\/v\/t51.36329-15\/344196571_252900130580057_603376607004797011_n.jpg?_nc_cat=111&#038;ccb=1-7&#038;_nc_sid=8ae9d6&#038;_nc_ohc=Hf_a9krx-XYAX-Gi-ms&#038;_nc_ht=scontent-iad3-1.cdninstagram.com&#038;edm=ANo9K5cEAAAA&#038;oh=00_AfAFDopMuw4PowxyIKbn3vznLybTTcP6snnNLRGrK_kjdg&#038;oe=6460F358\" data-img-src-set=\"{&quot;d&quot;:&quot;https:\\\/\\\/scontent-iad3-1.cdninstagram.com\\\/v\\\/t51.36329-15\\\/344196571_252900130580057_603376607004797011_n.jpg?_nc_cat=111&amp;ccb=1-7&amp;_nc_sid=8ae9d6&amp;_nc_ohc=Hf_a9krx-XYAX-Gi-ms&amp;_nc_ht=scontent-iad3-1.cdninstagram.com&amp;edm=ANo9K5cEAAAA&amp;oh=00_AfAFDopMuw4PowxyIKbn3vznLybTTcP6snnNLRGrK_kjdg&amp;oe=6460F358&quot;,&quot;150&quot;:&quot;https:\\\/\\\/scontent-iad3-1.cdninstagram.com\\\/v\\\/t51.36329-15\\\/344196571_252900130580057_603376607004797011_n.jpg?_nc_cat=111&amp;ccb=1-7&amp;_nc_sid=8ae9d6&amp;_nc_ohc=Hf_a9krx-XYAX-Gi-ms&amp;_nc_ht=scontent-iad3-1.cdninstagram.com&amp;edm=ANo9K5cEAAAA&amp;oh=00_AfAFDopMuw4PowxyIKbn3vznLybTTcP6snnNLRGrK_kjdg&amp;oe=6460F358&quot;,&quot;320&quot;:&quot;https:\\\/\\\/scontent-iad3-1.cdninstagram.com\\\/v\\\/t51.36329-15\\\/344196571_252900130580057_603376607004797011_n.jpg?_nc_cat=111&amp;ccb=1-7&amp;_nc_sid=8ae9d6&amp;_nc_ohc=Hf_a9krx-XYAX-Gi-ms&amp;_nc_ht=scontent-iad3-1.cdninstagram.com&amp;edm=ANo9K5cEAAAA&amp;oh=00_AfAFDopMuw4PowxyIKbn3vznLybTTcP6snnNLRGrK_kjdg&amp;oe=6460F358&quot;,&quot;640&quot;:&quot;https:\\\/\\\/scontent-iad3-1.cdninstagram.com\\\/v\\\/t51.36329-15\\\/344196571_252900130580057_603376607004797011_n.jpg?_nc_cat=111&amp;ccb=1-7&amp;_nc_sid=8ae9d6&amp;_nc_ohc=Hf_a9krx-XYAX-Gi-ms&amp;_nc_ht=scontent-iad3-1.cdninstagram.com&amp;edm=ANo9K5cEAAAA&amp;oh=00_AfAFDopMuw4PowxyIKbn3vznLybTTcP6snnNLRGrK_kjdg&amp;oe=6460F358&quot;}\">\r\n            <span class=\"sbi-screenreader\">We look forward to seeing you at LuxePack NY!\n\n#ww<\/span>\r\n            \t        <svg style=\"color: rgba(255,255,255,1)\" class=\"svg-inline--fa fa-play fa-w-14 sbi_playbtn\" aria-label=\"Play\" aria-hidden=\"true\" data-fa-processed=\"\" data-prefix=\"fa\" data-icon=\"play\" role=\"presentation\" xmlns=\"http:\/\/www.w3.org\/2000\/svg\" viewbox=\"0 0 448 512\"><path fill=\"currentColor\" d=\"M424.4 214.7L72.4 6.6C43.8-10.3 0 6.1 0 47.9V464c0 37.5 40.7 60.1 72.4 41.3l352-208c31.4-18.5 31.5-64.1 0-82.6z\"><\/path><\/svg>            <img src=\"https:\/\/beta.wwpbeauty.com\/wp-content\/plugins\/instagram-feed\/img\/placeholder.png\" alt=\"We look forward to seeing you at LuxePack NY!#wwpbeauty #LuxePack #luxepackny #event #packaging #newyork #makeup #cosmetics #beautyaccessories #sustainable #innovation #beautywithpurpose\">\r\n        <\/a>\r\n    <\/div>\r\n<\/div><div class=\"sbi_item sbi_type_video sbi_new sbi_transition\" id=\"sbi_18214792957229194\" data-date=\"1682168450\">\r\n    <div class=\"sbi_photo_wrap\">\r\n        <a class=\"sbi_photo\" href=\"https:\/\/www.instagram.com\/p\/CrVt6XnsMmA\/\" target=\"_blank\" rel=\"noopener nofollow\" data-full-res=\"https:\/\/scontent-iad3-1.cdninstagram.com\/v\/t51.36329-15\/342352059_195506973268216_7017835116994599576_n.jpg?_nc_cat=107&#038;ccb=1-7&#038;_nc_sid=8ae9d6&#038;_nc_ohc=iVLDmZ7nTbQAX8RZbfc&#038;_nc_ht=scontent-iad3-1.cdninstagram.com&#038;edm=ANo9K5cEAAAA&#038;oh=00_AfD2CSreBGlXnwTM6oMs3vBJEmvnRkGn1kJ9p00upJKBDQ&#038;oe=64603550\" data-img-src-set=\"{&quot;d&quot;:&quot;https:\\\/\\\/scontent-iad3-1.cdninstagram.com\\\/v\\\/t51.36329-15\\\/342352059_195506973268216_7017835116994599576_n.jpg?_nc_cat=107&amp;ccb=1-7&amp;_nc_sid=8ae9d6&amp;_nc_ohc=iVLDmZ7nTbQAX8RZbfc&amp;_nc_ht=scontent-iad3-1.cdninstagram.com&amp;edm=ANo9K5cEAAAA&amp;oh=00_AfD2CSreBGlXnwTM6oMs3vBJEmvnRkGn1kJ9p00upJKBDQ&amp;oe=64603550&quot;,&quot;150&quot;:&quot;https:\\\/\\\/scontent-iad3-1.cdninstagram.com\\\/v\\\/t51.36329-15\\\/342352059_195506973268216_7017835116994599576_n.jpg?_nc_cat=107&amp;ccb=1-7&amp;_nc_sid=8ae9d6&amp;_nc_ohc=iVLDmZ7nTbQAX8RZbfc&amp;_nc_ht=scontent-iad3-1.cdninstagram.com&amp;edm=ANo9K5cEAAAA&amp;oh=00_AfD2CSreBGlXnwTM6oMs3vBJEmvnRkGn1kJ9p00upJKBDQ&amp;oe=64603550&quot;,&quot;320&quot;:&quot;https:\\\/\\\/scontent-iad3-1.cdninstagram.com\\\/v\\\/t51.36329-15\\\/342352059_195506973268216_7017835116994599576_n.jpg?_nc_cat=107&amp;ccb=1-7&amp;_nc_sid=8ae9d6&amp;_nc_ohc=iVLDmZ7nTbQAX8RZbfc&amp;_nc_ht=scontent-iad3-1.cdninstagram.com&amp;edm=ANo9K5cEAAAA&amp;oh=00_AfD2CSreBGlXnwTM6oMs3vBJEmvnRkGn1kJ9p00upJKBDQ&amp;oe=64603550&quot;,&quot;640&quot;:&quot;https:\\\/\\\/scontent-iad3-1.cdninstagram.com\\\/v\\\/t51.36329-15\\\/342352059_195506973268216_7017835116994599576_n.jpg?_nc_cat=107&amp;ccb=1-7&amp;_nc_sid=8ae9d6&amp;_nc_ohc=iVLDmZ7nTbQAX8RZbfc&amp;_nc_ht=scontent-iad3-1.cdninstagram.com&amp;edm=ANo9K5cEAAAA&amp;oh=00_AfD2CSreBGlXnwTM6oMs3vBJEmvnRkGn1kJ9p00upJKBDQ&amp;oe=64603550&quot;}\">\r\n            <span class=\"sbi-screenreader\">This year marks the 53rd anniversary of Earth Week<\/span>\r\n            \t        <svg style=\"color: rgba(255,255,255,1)\" class=\"svg-inline--fa fa-play fa-w-14 sbi_playbtn\" aria-label=\"Play\" aria-hidden=\"true\" data-fa-processed=\"\" data-prefix=\"fa\" data-icon=\"play\" role=\"presentation\" xmlns=\"http:\/\/www.w3.org\/2000\/svg\" viewbox=\"0 0 448 512\"><path fill=\"currentColor\" d=\"M424.4 214.7L72.4 6.6C43.8-10.3 0 6.1 0 47.9V464c0 37.5 40.7 60.1 72.4 41.3l352-208c31.4-18.5 31.5-64.1 0-82.6z\"><\/path><\/svg>            <img src=\"https:\/\/beta.wwpbeauty.com\/wp-content\/plugins\/instagram-feed\/img\/placeholder.png\" alt=\"This year marks the 53rd anniversary of Earth Week, a time to reflect, act, and invest in our planet. Earth Week is an opportunity for all of us to come together to support ongoing actions that will ultimately make a difference for future generations.Our future-focused innovation explores sustainable alternative solutions like Molecular Recycled Technology which creates sustainable packaging with a glass-like look and feel. We apply the latest and exclusive plant-based technologies that utilize renewable, abundant resources to develop the plastic-free biopolymer packaging in our Nature2Need Collection. These innovations provide both brands and consumers with endless options to help make a positive impact on our planet.Together, we create #BeautywithPurpose.#earthday #earthweek #sustainability #wwpbeauty #beautywithpurpose #circularbeauty #packaging #turnkey #replace #rebirth #respect #protect\">\r\n        <\/a>\r\n    <\/div>\r\n<\/div>    <\/div>\r\n\r\n\t<div id=\"sbi_load\">\r\n\r\n\t\r\n\t\r\n<\/div>\r\n\t    <span class=\"sbi_resized_image_data\" data-feed-id=\"sbi_wwpbeauty#4\" data-resized=\"{&quot;18214792957229194&quot;:{&quot;id&quot;:&quot;342568597_1385112908922046_1714389304868333538_n&quot;,&quot;ratio&quot;:&quot;1.00&quot;,&quot;sizes&quot;:{&quot;full&quot;:640,&quot;low&quot;:320}},&quot;17990036482944354&quot;:{&quot;id&quot;:&quot;344196571_252900130580057_603376607004797011_n&quot;,&quot;ratio&quot;:&quot;1.00&quot;,&quot;sizes&quot;:{&quot;full&quot;:640,&quot;low&quot;:320}},&quot;18074932618364203&quot;:{&quot;id&quot;:&quot;344795672_201839725977258_2089851206818841895_n&quot;,&quot;ratio&quot;:&quot;1.00&quot;,&quot;sizes&quot;:{&quot;full&quot;:640,&quot;low&quot;:320}}}\">\r\n\t<\/span>\r\n\t        <div id=\"sbi_mod_error\">\r\n            <span>Ce message d\u2019erreur n\u2019est visible que pour les administrateurs de WordPress<\/span><br \/>\r\n        <p><b>Erreur\u00a0: les requ\u00eates d\u2019API sont retard\u00e9es pour ce compte. Les nouvelles publications ne seront pas r\u00e9cup\u00e9r\u00e9es.<\/b><\/p><p>Connectez-vous en tant qu\u2019administrateur et consultez la page des r\u00e9glages d\u2018Instagram Feed pour plus de d\u00e9tails.<\/p>        <\/div>\r\n        <\/div>\r\n\r\n<\/div><\/div>\n\n\n<section id=\"page-section-block_5fd297af71129\" class=\"newsletter-block\">\n\t\n    \t<h1>Inscrivez-vous \u00e0 notre newsletter<\/h1>\n\t\n\t\t<form class=\"js-cm-form\" id=\"subForm\" action=\"https:\/\/www.createsend.com\/t\/subscribeerror?description=\" method=\"post\" data-id=\"2BE4EF332AA2E32596E38B640E9056199A2CFDF2AF828BC595C185B8286B743F145C0CBCDB26CEE7F1679515F1066F2D6A92D670F40B4929D1386B026B231534\" data-trp-original-action=\"https:\/\/www.createsend.com\/t\/subscribeerror?description=\">\r\n<input autocomplete=\"Email\" aria-label=\"Email\" class=\"js-cm-email-input qa-input-email\" id=\"fieldEmail\" maxlength=\"200\" name=\"cm-yktjsd-yktjsd\" required=\"\" type=\"email\" placeholder=\"Votre adresse email\">\r\n<!--<button type=\"submit\">Subscribe<\/button>-->\r\n<input type=\"submit\" value=\"\">\r\n<script type=\"text\/javascript\" src=\"https:\/\/js.createsend1.com\/javascript\/copypastesubscribeformlogic.js\"><\/script>\r\n<input type=\"hidden\" name=\"trp-form-language\" value=\"fr\"\/><\/form>\t\n    <div class=\"clearfix\"><\/div>\n<\/section>\n<style type=\"text\/css\">\n\t#page-section-block_5fd297af71129 {\n\t\tbackground:#b9d3dc;\n\t}\n<\/style>","protected":false},"excerpt":{"rendered":"","protected":false},"author":1,"featured_media":0,"parent":0,"menu_order":0,"comment_status":"closed","ping_status":"closed","template":"page-home.php","meta":[],"_links":{"self":[{"href":"https:\/\/beta.wwpbeauty.com\/fr\/wp-json\/wp\/v2\/pages\/16"}],"collection":[{"href":"https:\/\/beta.wwpbeauty.com\/fr\/wp-json\/wp\/v2\/pages"}],"about":[{"href":"https:\/\/beta.wwpbeauty.com\/fr\/wp-json\/wp\/v2\/types\/page"}],"author":[{"embeddable":true,"href":"https:\/\/beta.wwpbeauty.com\/fr\/wp-json\/wp\/v2\/users\/1"}],"replies":[{"embeddable":true,"href":"https:\/\/beta.wwpbeauty.com\/fr\/wp-json\/wp\/v2\/comments?post=16"}],"version-history":[{"count":89,"href":"https:\/\/beta.wwpbeauty.com\/fr\/wp-json\/wp\/v2\/pages\/16\/revisions"}],"predecessor-version":[{"id":1031,"href":"https:\/\/beta.wwpbeauty.com\/fr\/wp-json\/wp\/v2\/pages\/16\/revisions\/1031"}],"wp:attachment":[{"href":"https:\/\/beta.wwpbeauty.com\/fr\/wp-json\/wp\/v2\/media?parent=16"}],"curies":[{"name":"wp","href":"https:\/\/api.w.org\/{rel}","templated":true}]}}